{"id":10998,"date":"2024-04-16T21:08:58","date_gmt":"2024-04-16T19:08:58","guid":{"rendered":"https:\/\/staging.geigercars.de\/?page_id=10998"},"modified":"2024-04-23T07:54:03","modified_gmt":"2024-04-23T05:54:03","slug":"ankauf","status":"publish","type":"page","link":"https:\/\/staging.geigercars.de\/en\/purchase\/","title":{"rendered":"purchase"},"content":{"rendered":"\t\t<div data-elementor-type=\"wp-page\" data-elementor-id=\"10998\" class=\"elementor elementor-10998\" data-elementor-post-type=\"page\">\n\t\t\t\t<div class=\"elementor-element elementor-element-1c6fd19 e-con-full e-flex e-con e-parent\" data-id=\"1c6fd19\" data-element_type=\"container\" data-e-type=\"container\" data-settings=\"{&quot;background_background&quot;:&quot;classic&quot;}\">\n\t\t<div class=\"elementor-element elementor-element-43c7002 e-con-full e-flex e-con e-child\" data-id=\"43c7002\" data-element_type=\"container\" data-e-type=\"container\">\n\t\t\t\t<div class=\"elementor-element elementor-element-d57ec9c elementor-widget elementor-widget-heading\" data-id=\"d57ec9c\" data-element_type=\"widget\" data-e-type=\"widget\" data-widget_type=\"heading.default\">\n\t\t\t\t<div class=\"elementor-widget-container\">\n\t\t\t\t\t<h2 class=\"elementor-heading-title elementor-size-default\">Verkauf<\/h2>\t\t\t\t<\/div>\n\t\t\t\t<\/div>\n\t\t\t\t<div class=\"elementor-element elementor-element-5722914 elementor-hidden-desktop elementor-hidden-laptop elementor-hidden-tablet elementor-hidden-mobile elementor-widget elementor-widget-shiftup_core_section_title\" data-id=\"5722914\" data-element_type=\"widget\" data-e-type=\"widget\" data-widget_type=\"shiftup_core_section_title.default\">\n\t\t\t\t<div class=\"elementor-widget-container\">\n\t\t\t\t\t<div class=\"qodef-shortcode qodef-m  qodef-section-title qodef-alignment--right \">\n\t\t<\/div>\n\t\t\t\t<\/div>\n\t\t\t\t<\/div>\n\t\t\t\t<\/div>\n\t\t<div class=\"elementor-element elementor-element-123f7b8 e-con-full e-flex e-con e-child\" data-id=\"123f7b8\" data-element_type=\"container\" data-e-type=\"container\">\n\t\t\t\t<div class=\"elementor-element elementor-element-25d7cf7 elementor-invisible elementor-widget elementor-widget-shiftup_core_button\" data-id=\"25d7cf7\" data-element_type=\"widget\" data-e-type=\"widget\" data-settings=\"{&quot;_animation&quot;:&quot;fadeInUp&quot;}\" data-widget_type=\"shiftup_core_button.default\">\n\t\t\t\t<div class=\"elementor-widget-container\">\n\t\t\t\t\t<a class=\"qodef-shortcode qodef-m  qodef-button qodef-layout--filled  qodef-html--link \" href=\"#sell\" target=\"_self\"  style=\"color: #FFFFFF;font-size: 15px;font-weight: 600;margin: px 0 0 0\">\n\t\t<span class=\"qodef-m-text\">AUTO Verkaufen<\/span>\n<\/a>\n\t\t\t\t<\/div>\n\t\t\t\t<\/div>\n\t\t\t\t<\/div>\n\t\t\t\t<\/div>\n\t\t<div class=\"elementor-element elementor-element-164a8f4 e-flex e-con-boxed e-con e-parent\" data-id=\"164a8f4\" data-element_type=\"container\" data-e-type=\"container\">\n\t\t\t\t\t<div class=\"e-con-inner\">\n\t\t\t\t<div class=\"elementor-element elementor-element-d965179 elementor-widget elementor-widget-shiftup_core_section_title\" data-id=\"d965179\" data-element_type=\"widget\" data-e-type=\"widget\" data-widget_type=\"shiftup_core_section_title.default\">\n\t\t\t\t<div class=\"elementor-widget-container\">\n\t\t\t\t\t<div class=\"qodef-shortcode qodef-m  qodef-section-title qodef-alignment--left \">\n\t\t<h2 class=\"qodef-m-title\" style=\"color: #191919\">\n\t\t\t\t\twie es funktioniert\t\t\t<\/h2>\n\t<\/div>\n\t\t\t\t<\/div>\n\t\t\t\t<\/div>\n\t\t\t\t\t<\/div>\n\t\t\t\t<\/div>\n\t\t\t\t<section class=\"elementor-section elementor-top-section elementor-element elementor-element-7dd1107 elementor-section-boxed elementor-section-height-default elementor-section-height-default qodef-elementor-content-no\" data-id=\"7dd1107\" data-element_type=\"section\" data-e-type=\"section\">\n\t\t\t\t\t\t<div class=\"elementor-container elementor-column-gap-default\">\n\t\t\t\t\t<div class=\"elementor-column elementor-col-100 elementor-top-column elementor-element elementor-element-3cdec4e\" data-id=\"3cdec4e\" data-element_type=\"column\" data-e-type=\"column\">\n\t\t\t<div class=\"elementor-widget-wrap elementor-element-populated\">\n\t\t\t\t\t\t<section class=\"elementor-section elementor-inner-section elementor-element elementor-element-2236596 elementor-section-full_width elementor-section-height-default elementor-section-height-default qodef-elementor-content-no\" data-id=\"2236596\" data-element_type=\"section\" data-e-type=\"section\">\n\t\t\t\t\t\t<div class=\"elementor-container elementor-column-gap-default\">\n\t\t\t\t\t<div class=\"elementor-column elementor-col-33 elementor-inner-column elementor-element elementor-element-9c16230\" data-id=\"9c16230\" data-element_type=\"column\" data-e-type=\"column\">\n\t\t\t<div class=\"elementor-widget-wrap elementor-element-populated\">\n\t\t\t\t\t\t<div class=\"elementor-element elementor-element-2670a93 elementor-widget elementor-widget-shiftup_core_info_section\" data-id=\"2670a93\" data-element_type=\"widget\" data-e-type=\"widget\" data-widget_type=\"shiftup_core_info_section.default\">\n\t\t\t\t<div class=\"elementor-widget-container\">\n\t\t\t\t\t<div class=\"qodef-shortcode qodef-m  qodef-info-section qodef-layout--background-text  qodef-background-text-pos--top-left\">\n\t<div class=\"qodef-m-background-text\">\n\t\t\t<\/div>\n\t<div class=\"qodef-m-info\">\n\t\t\t<h4 class=\"qodef-m-title\" style=\"color: #000000\">\n\t\t1. Kontakt aufnehmen\t<\/h4>\n\t\t\t<p class=\"qodef-m-text\" >F\u00fcllen Sie einfach unser Online-Kontaktformular aus und teilen Sie uns die Details Ihres Fahrzeugs mit.<\/p>\n\t<\/div>\n<\/div>\n\t\t\t\t<\/div>\n\t\t\t\t<\/div>\n\t\t\t\t\t<\/div>\n\t\t<\/div>\n\t\t\t\t<div class=\"elementor-column elementor-col-33 elementor-inner-column elementor-element elementor-element-4aa063e\" data-id=\"4aa063e\" data-element_type=\"column\" data-e-type=\"column\">\n\t\t\t<div class=\"elementor-widget-wrap elementor-element-populated\">\n\t\t\t\t\t\t<div class=\"elementor-element elementor-element-3932a2a elementor-widget elementor-widget-shiftup_core_info_section\" data-id=\"3932a2a\" data-element_type=\"widget\" data-e-type=\"widget\" data-widget_type=\"shiftup_core_info_section.default\">\n\t\t\t\t<div class=\"elementor-widget-container\">\n\t\t\t\t\t<div class=\"qodef-shortcode qodef-m  qodef-info-section qodef-layout--background-text  qodef-background-text-pos--top-left\">\n\t<div class=\"qodef-m-background-text\">\n\t\t\t<\/div>\n\t<div class=\"qodef-m-info\">\n\t\t\t<h4 class=\"qodef-m-title\" style=\"color: #000000\">\n\t\t2. Fahrzeugbewertung\t<\/h4>\n\t\t\t<p class=\"qodef-m-text\" >Unser Team kontaktiert Sie umgehend, um einen Termin zu vereinbaren. Wir legen Wert auf eine schnelle Kommunikation.<\/p>\n\t<\/div>\n<\/div>\n\t\t\t\t<\/div>\n\t\t\t\t<\/div>\n\t\t\t\t\t<\/div>\n\t\t<\/div>\n\t\t\t\t<div class=\"elementor-column elementor-col-33 elementor-inner-column elementor-element elementor-element-c2fd656\" data-id=\"c2fd656\" data-element_type=\"column\" data-e-type=\"column\">\n\t\t\t<div class=\"elementor-widget-wrap elementor-element-populated\">\n\t\t\t\t\t\t<div class=\"elementor-element elementor-element-9a28d2c elementor-widget elementor-widget-shiftup_core_info_section\" data-id=\"9a28d2c\" data-element_type=\"widget\" data-e-type=\"widget\" data-widget_type=\"shiftup_core_info_section.default\">\n\t\t\t\t<div class=\"elementor-widget-container\">\n\t\t\t\t\t<div class=\"qodef-shortcode qodef-m  qodef-info-section qodef-layout--background-text  qodef-background-text-pos--top-left\">\n\t<div class=\"qodef-m-background-text\">\n\t\t\t<\/div>\n\t<div class=\"qodef-m-info\">\n\t\t\t<h4 class=\"qodef-m-title\" style=\"color: #000000\">\n\t\t3. Zahlung\t<\/h4>\n\t\t\t<p class=\"qodef-m-text\" >Wir begutachten Ihr Fahrzeug pers\u00f6nlich und machen Ihnen ein faires Kaufangebot.<\/p>\n\t<\/div>\n<\/div>\n\t\t\t\t<\/div>\n\t\t\t\t<\/div>\n\t\t\t\t\t<\/div>\n\t\t<\/div>\n\t\t\t\t\t<\/div>\n\t\t<\/section>\n\t\t\t\t\t<\/div>\n\t\t<\/div>\n\t\t\t\t\t<\/div>\n\t\t<\/section>\n\t\t<div class=\"elementor-element elementor-element-bb66e56 e-flex e-con-boxed e-con e-parent\" data-id=\"bb66e56\" data-element_type=\"container\" data-e-type=\"container\">\n\t\t\t\t\t<div class=\"e-con-inner\">\n\t\t\t\t<div class=\"elementor-element elementor-element-367c3ab elementor-widget elementor-widget-menu-anchor\" data-id=\"367c3ab\" data-element_type=\"widget\" data-e-type=\"widget\" data-widget_type=\"menu-anchor.default\">\n\t\t\t\t<div class=\"elementor-widget-container\">\n\t\t\t\t\t\t\t<div class=\"elementor-menu-anchor\" id=\"sell\"><\/div>\n\t\t\t\t\t\t<\/div>\n\t\t\t\t<\/div>\n\t\t\t\t<div class=\"elementor-element elementor-element-7f93a8b elementor-hidden-mobile elementor-widget elementor-widget-spacer\" data-id=\"7f93a8b\" data-element_type=\"widget\" data-e-type=\"widget\" data-widget_type=\"spacer.default\">\n\t\t\t\t<div class=\"elementor-widget-container\">\n\t\t\t\t\t\t\t<div class=\"elementor-spacer\">\n\t\t\t<div class=\"elementor-spacer-inner\"><\/div>\n\t\t<\/div>\n\t\t\t\t\t\t<\/div>\n\t\t\t\t<\/div>\n\t\t\t\t\t<\/div>\n\t\t\t\t<\/div>\n\t\t\t\t<section class=\"elementor-section elementor-top-section elementor-element elementor-element-9b77edc elementor-section-full_width qodef-elementor-content-grid elementor-section-stretched elementor-section-height-default elementor-section-height-default\" data-id=\"9b77edc\" data-element_type=\"section\" data-e-type=\"section\" data-settings=\"{&quot;stretch_section&quot;:&quot;section-stretched&quot;}\">\n\t\t\t\t\t\t<div class=\"elementor-container elementor-column-gap-no\">\n\t\t\t\t\t<div class=\"elementor-column elementor-col-50 elementor-top-column elementor-element elementor-element-98cece9\" data-id=\"98cece9\" data-element_type=\"column\" data-e-type=\"column\">\n\t\t\t<div class=\"elementor-widget-wrap elementor-element-populated\">\n\t\t\t\t\t\t<div class=\"elementor-element elementor-element-0ef0f01 elementor-widget__width-initial elementor-widget elementor-widget-shiftup_core_section_title\" data-id=\"0ef0f01\" data-element_type=\"widget\" data-e-type=\"widget\" data-widget_type=\"shiftup_core_section_title.default\">\n\t\t\t\t<div class=\"elementor-widget-container\">\n\t\t\t\t\t<div class=\"qodef-shortcode qodef-m  qodef-section-title qodef-alignment--left \">\n\t\t<h2 class=\"qodef-m-title\" >\n\t\t\t\t\tIhr Angebot\t\t\t<\/h2>\n\t<\/div>\n\t\t\t\t<\/div>\n\t\t\t\t<\/div>\n\t\t\t\t\t<\/div>\n\t\t<\/div>\n\t\t\t\t<div class=\"elementor-column elementor-col-50 elementor-top-column elementor-element elementor-element-8851023\" data-id=\"8851023\" data-element_type=\"column\" data-e-type=\"column\">\n\t\t\t<div class=\"elementor-widget-wrap elementor-element-populated\">\n\t\t\t\t\t\t<section class=\"elementor-section elementor-inner-section elementor-element elementor-element-104ba12 elementor-section-full_width elementor-section-height-default elementor-section-height-default qodef-elementor-content-no\" data-id=\"104ba12\" data-element_type=\"section\" data-e-type=\"section\">\n\t\t\t\t\t\t<div class=\"elementor-container elementor-column-gap-no\">\n\t\t\t\t\t<div class=\"elementor-column elementor-col-100 elementor-inner-column elementor-element elementor-element-e656faf\" data-id=\"e656faf\" data-element_type=\"column\" data-e-type=\"column\">\n\t\t\t<div class=\"elementor-widget-wrap elementor-element-populated\">\n\t\t\t\t\t\t<div class=\"elementor-element elementor-element-2d1983b elementor-widget-laptop__width-initial elementor-widget elementor-widget-wp-widget-shiftup_core_contact_form_7\" data-id=\"2d1983b\" data-element_type=\"widget\" data-e-type=\"widget\" data-widget_type=\"wp-widget-shiftup_core_contact_form_7.default\">\n\t\t\t\t<div class=\"elementor-widget-container\">\n\t\t\t\t\t\t\t\t<div class=\"qodef-contact-form-7\">\n\t\t\t\t\n<div class=\"wpcf7 no-js\" id=\"wpcf7-f8105-o1\" lang=\"en-US\" dir=\"ltr\" data-wpcf7-id=\"8105\">\n<div class=\"screen-reader-response\"><p role=\"status\" aria-live=\"polite\" aria-atomic=\"true\"><\/p> <ul><\/ul><\/div>\n<form action=\"\/en\/wp-json\/wp\/v2\/pages\/10998#wpcf7-f8105-o1\" method=\"post\" class=\"wpcf7-form init wpcf7-acceptance-as-validation\" aria-label=\"Contact form\" enctype=\"multipart\/form-data\" novalidate=\"novalidate\" data-status=\"init\">\n<fieldset class=\"hidden-fields-container\"><input type=\"hidden\" name=\"_wpcf7\" value=\"8105\" \/><input type=\"hidden\" name=\"_wpcf7_version\" value=\"6.1.5\" \/><input type=\"hidden\" name=\"_wpcf7_locale\" value=\"en_US\" \/><input type=\"hidden\" name=\"_wpcf7_unit_tag\" value=\"wpcf7-f8105-o1\" \/><input type=\"hidden\" name=\"_wpcf7_container_post\" value=\"0\" \/><input type=\"hidden\" name=\"_wpcf7_posted_data_hash\" value=\"\" \/><input type=\"hidden\" name=\"_wpcf7_recaptcha_response\" value=\"\" \/>\n<\/fieldset>\n<div class=\"qodef-appointment-form-2\">\n    <div class=\"qodef-col-2\">\n        <label><span style=\"color: #DD0A2D;\">*<\/span>Name <span class=\"wpcf7-form-control-wrap\" data-name=\"your-name\"><input size=\"40\" maxlength=\"400\" class=\"wpcf7-form-control wpcf7-text wpcf7-validates-as-required\" aria-required=\"true\" aria-invalid=\"false\" value=\"\" type=\"text\" name=\"your-name\" \/><\/span><\/label>\n        <label><span style=\"color: #DD0A2D;\">*<\/span>Telefon <span class=\"wpcf7-form-control-wrap\" data-name=\"your-tel\"><input size=\"40\" maxlength=\"400\" class=\"wpcf7-form-control wpcf7-tel wpcf7-validates-as-required wpcf7-text wpcf7-validates-as-tel\" aria-required=\"true\" aria-invalid=\"false\" value=\"\" type=\"tel\" name=\"your-tel\" \/><\/span><\/label>\n    <\/div>\n    <div class=\"qodef-col-2\">\n        <label><span style=\"color: #DD0A2D;\">*<\/span>Email <span class=\"wpcf7-form-control-wrap\" data-name=\"your-email\"><input size=\"40\" maxlength=\"400\" class=\"wpcf7-form-control wpcf7-email wpcf7-validates-as-required wpcf7-text wpcf7-validates-as-email\" aria-required=\"true\" aria-invalid=\"false\" value=\"\" type=\"email\" name=\"your-email\" \/><\/span><\/label>\n        <label><span style=\"color: #DD0A2D;\">*<\/span>Fahrzeugidentifikations-Nr. (FIN) <span class=\"wpcf7-form-control-wrap\" data-name=\"your-fin\"><input size=\"40\" maxlength=\"400\" class=\"wpcf7-form-control wpcf7-tel wpcf7-validates-as-required wpcf7-text wpcf7-validates-as-tel\" aria-required=\"true\" aria-invalid=\"false\" value=\"\" type=\"tel\" name=\"your-fin\" \/><\/span><\/label>\n    <\/div>\n    <div class=\"qodef-col-3\">\n        <label><span style=\"color: #DD0A2D;\">*<\/span>Hersteller <span class=\"wpcf7-form-control-wrap\" data-name=\"your-hersteller\"><select class=\"wpcf7-form-control wpcf7-select wpcf7-validates-as-required\" aria-required=\"true\" aria-invalid=\"false\" name=\"your-hersteller\"><option value=\"\">&#8212;Please choose an option&#8212;<\/option><option value=\"Cadillac\">Cadillac<\/option><option value=\"Chevrolet\">Chevrolet<\/option><option value=\"Chrysler\">Chrysler<\/option><option value=\"Dodge\">Dodge<\/option><option value=\"Corvette\">Corvette<\/option><option value=\"Ford\">Ford<\/option><option value=\"GMC\">GMC<\/option><option value=\"Hummer\">Hummer<\/option><option value=\"Plymouth\">Plymouth<\/option><option value=\"Shelby\">Shelby<\/option><option value=\"Sonstige\">Sonstige<\/option><\/select><\/span><\/label>\n        <label><span style=\"color: #DD0A2D;\">*<\/span>MwSt ausweisbar? <span class=\"wpcf7-form-control-wrap\" data-name=\"your-mwst\"><select class=\"wpcf7-form-control wpcf7-select wpcf7-validates-as-required\" aria-required=\"true\" aria-invalid=\"false\" name=\"your-mwst\"><option value=\"\">&#8212;Please choose an option&#8212;<\/option><option value=\"Ja\">Ja<\/option><option value=\"Nein\">Nein<\/option><\/select><\/span><\/label>\n        <label><span style=\"color: #DD0A2D;\">*<\/span>Anzahl Vorbesitzer <span class=\"wpcf7-form-control-wrap\" data-name=\"your-vorbesitzer\"><select class=\"wpcf7-form-control wpcf7-select wpcf7-validates-as-required\" aria-required=\"true\" aria-invalid=\"false\" name=\"your-vorbesitzer\"><option value=\"\">&#8212;Please choose an option&#8212;<\/option><option value=\"1\">1<\/option><option value=\"2\">2<\/option><option value=\"3\">3<\/option><option value=\"4\">4<\/option><option value=\"5\">5<\/option><option value=\"6\">6<\/option><\/select><\/span><\/label>\n    <\/div>\n    <div class=\"qodef-col-2\">\n        <label><span style=\"color: #DD0A2D;\">*<\/span>Model <span class=\"wpcf7-form-control-wrap\" data-name=\"your-markemodel\"><input size=\"40\" maxlength=\"400\" class=\"wpcf7-form-control wpcf7-text wpcf7-validates-as-required\" aria-required=\"true\" aria-invalid=\"false\" value=\"\" type=\"text\" name=\"your-markemodel\" \/><\/span><\/label>\n        <label><span style=\"color: #DD0A2D;\">*<\/span>Letzter Service <span class=\"wpcf7-form-control-wrap\" data-name=\"your-service\"><input class=\"wpcf7-form-control wpcf7-date wpcf7-validates-as-required wpcf7-validates-as-date\" aria-required=\"true\" aria-invalid=\"false\" value=\"\" type=\"date\" name=\"your-service\" \/><\/span><\/label>\n    <\/div>\n    <div class=\"qodef-col-2\">\n        <label><span style=\"color: #DD0A2D;\">*<\/span>Kilometerstand <span class=\"wpcf7-form-control-wrap\" data-name=\"your-kilometerstand\"><input class=\"wpcf7-form-control wpcf7-number wpcf7-validates-as-required wpcf7-validates-as-number\" aria-required=\"true\" aria-invalid=\"false\" value=\"\" type=\"number\" name=\"your-kilometerstand\" \/><\/span><\/label>\n        <label><span style=\"color: #DD0A2D;\">*<\/span>Erstzulassung <span class=\"wpcf7-form-control-wrap\" data-name=\"your-erstzulassung\"><input class=\"wpcf7-form-control wpcf7-date wpcf7-validates-as-required wpcf7-validates-as-date\" aria-required=\"true\" aria-invalid=\"false\" value=\"\" type=\"date\" name=\"your-erstzulassung\" \/><\/span><\/label>\n    <\/div>\n    <div class=\"qodef-col-2\">\n        <label><span style=\"color: #DD0A2D;\">*<\/span>Preisvorstellung (EUR) <span class=\"wpcf7-form-control-wrap\" data-name=\"your-preisvorstellung\"><input class=\"wpcf7-form-control wpcf7-number wpcf7-validates-as-required wpcf7-validates-as-number\" aria-required=\"true\" aria-invalid=\"false\" value=\"\" type=\"number\" name=\"your-preisvorstellung\" \/><\/span><\/label>\n        <label>Sch\u00e4den (falls vorhanden) <span class=\"wpcf7-form-control-wrap\" data-name=\"your-schaeden\"><input size=\"40\" maxlength=\"400\" class=\"wpcf7-form-control wpcf7-text\" aria-invalid=\"false\" value=\"\" type=\"text\" name=\"your-schaeden\" \/><\/span><\/label>\n    <\/div>\n    <label>Weitere Anmerkungen <span class=\"wpcf7-form-control-wrap\" data-name=\"your-message\"><textarea cols=\"40\" rows=\"10\" maxlength=\"2000\" class=\"wpcf7-form-control wpcf7-textarea\" aria-invalid=\"false\" name=\"your-message\"><\/textarea><\/span><\/label>\n\n\n    <div class=\"qodef-col-2\">\n        <div class=\"qodef-custom-upload\">\n            <label>\n                <span style=\"color: #DD0A2D;\">*<\/span>Autobilder <span class=\"wpcf7-form-control-wrap\" data-name=\"your-autobilder\"><input size=\"40\" class=\"wpcf7-form-control wpcf7-file\" accept=\".jpg,.jpeg,.png,.mp4,.avi\" aria-invalid=\"false\" type=\"file\" name=\"your-autobilder\" \/><\/span>\n                <span class=\"qodef-upload-button\">Datei ausw\u00e4hlen<\/span>\n            <\/label>\n        <\/div>\n        <div class=\"qodef-custom-upload\">\n            <label>\n                <span style=\"color: #DD0A2D;\">*<\/span>Fahrzeugschein <span class=\"wpcf7-form-control-wrap\" data-name=\"your-fahrzeugschein\"><input size=\"40\" class=\"wpcf7-form-control wpcf7-file\" accept=\".jpg,.jpeg,.png,.mp4,.avi\" aria-invalid=\"false\" type=\"file\" name=\"your-fahrzeugschein\" \/><\/span>\n                <span class=\"qodef-upload-button\">Datei ausw\u00e4hlen<\/span>\n            <\/label>\n        <\/div>\n    <\/div>\n\t<div class=\"custom_acceptance_class\">\n\t\t<div class=\"full-wd\">\n\t\t  <span class=\"wpcf7-form-control-wrap\" data-name=\"acceptance-481\"><span class=\"wpcf7-form-control wpcf7-acceptance\"><span class=\"wpcf7-list-item\"><label><input type=\"checkbox\" name=\"acceptance-481\" value=\"1\" aria-invalid=\"false\" \/><span class=\"wpcf7-list-item-label\"><span style=\"color: #DD0A2D;\">*<\/span>y<\/span><\/label><\/span><\/span><\/span> \n\t\t <span id=\"accpt_text\"> Ich habe die <a href=\"https:\/\/staging.geigercars.de\/datenschutz\/\" target=\"_blank\" class=\"privacy-link\"> Datenschutzinformationen <\/a> und die Verarbeitung meiner personenbezogenen Daten gelesen und stimme diesen zu.<\/span>\n\t\t<\/div>\n\t<\/div>\n\t<div>\n\t\t<div class=\"full-wd\">\n\t\t  \n\t\t<\/div>\n\t<\/div>\n\t\n\t<div class=\"row-flex\">\n\t\t<div class=\"full-wd\">\n\t\t\t<button class=\"wpcf7-form-control wpcf7-submit qodef-button qodef-size--large qodef-layout--filled qodef-html--link qodef-m\" type=\"submit\"><span class=\"qodef-m-text\">Abschicken<\/span><\/button>\n\t\t<\/div>\n\t<\/div>\n\n<\/div>\n<script>\n jQuery(document).ready(function(){\n  jQuery('body').on('change', '.qodef-custom-upload .wpcf7-file', function(e){\n    if (jQuery(this).val()) {\n        \/\/ Update the label HTML for reupload\n        jQuery(this).parent().parent().find('span.uploadSpan').remove();\n        jQuery(this).parent().parent().append('<span class=\"uploadSpan\"><strong>File Uploaded: <\/strong>' + e.target.files[0].name+'<\/span>');\n     } else {\n        jQuery(this).parent().parent().find('span.uploadSpan').remove();\n     }\n   })\n  })\n<\/script>\n<style>\n.custom_acceptance_class label {\n  margin-bottom: 20px;\n}\n.row-flex.custom_acceptance_class {\n    color: #000;\n}\n.custom_acceptance_class .wpcf7-list-item-label {\n    color: #fff;\n}\n<\/style><div class=\"wpcf7-response-output\" aria-hidden=\"true\"><\/div>\n<\/form>\n<\/div>\n\t\t\t<\/div>\n\t\t\t\t\t\t\t<\/div>\n\t\t\t\t<\/div>\n\t\t\t\t\t<\/div>\n\t\t<\/div>\n\t\t\t\t\t<\/div>\n\t\t<\/section>\n\t\t\t\t\t<\/div>\n\t\t<\/div>\n\t\t\t\t\t<\/div>\n\t\t<\/section>\n\t\t<div class=\"elementor-element elementor-element-faba49b e-flex e-con-boxed e-con e-parent\" data-id=\"faba49b\" data-element_type=\"container\" data-e-type=\"container\">\n\t\t\t\t\t<div class=\"e-con-inner\">\n\t\t\t\t<div class=\"elementor-element elementor-element-aaef2e0 elementor-widget-tablet__width-initial elementor-widget elementor-widget-shiftup_core_section_title\" data-id=\"aaef2e0\" data-element_type=\"widget\" data-e-type=\"widget\" data-widget_type=\"shiftup_core_section_title.default\">\n\t\t\t\t<div class=\"elementor-widget-container\">\n\t\t\t\t\t<div class=\"qodef-shortcode qodef-m  qodef-section-title qodef-alignment--left \">\n\t\t<h2 class=\"qodef-m-title\" style=\"color: #191919\">\n\t\t\t\t\tH\u00e4ufig gestellte Fragen\t\t\t<\/h2>\n\t\t<p class=\"qodef-m-text\" style=\"color: #FFFFFF\">We offer three different plans.<\/p>\n<\/div>\n\t\t\t\t<\/div>\n\t\t\t\t<\/div>\n\t\t\t\t<div class=\"elementor-element elementor-element-dc224d1 elementor-widget elementor-widget-shiftup_core_accordion\" data-id=\"dc224d1\" data-element_type=\"widget\" data-e-type=\"widget\" data-widget_type=\"shiftup_core_accordion.default\">\n\t\t\t\t<div class=\"elementor-widget-container\">\n\t\t\t\t\t<div class=\"qodef-shortcode qodef-m  qodef-accordion clear qodef-behavior--accordion qodef-layout--simple\">\n\t<div class=\"qodef-accordion-title\">\n\t<h4 class=\"qodef-tab-title\">Warum?<\/h4>\n\t<span class=\"qodef-accordion-description\">\n\t\tWarum sollte ich mein Fahrzeug \u00fcber Sie verkaufen, anstatt es privat zu verkaufen?\t<\/span>\n\t<span class=\"qodef-accordion-mark\">\n\t\t<span class=\"qodef-icon--plus\"><\/span>\n\t\t<span class=\"qodef-icon--minus\"><\/span>\n\t<\/span>\n<\/div>\n<div class=\"qodef-accordion-content\">\n\t<div class=\"qodef-accordion-content-inner\">\n\t\t<p>Nat\u00fcrlich m\u00fcssen auch wir verdienen \u2013 aber in den allermeisten F\u00e4llen lohnt sich der private Verkauf nicht wirklich: Stichwort Gew\u00e4hrleistung, Kontakt mit potenziell unseri\u00f6sen K\u00e4ufern, Phantasiepreise von anderen K\u00e4ufern vs. real erzielbarer Erl\u00f6s oder auch Dumping-Angebote von \u201eExportfirmen\u201c.<\/p>\t<\/div>\n<\/div>\n<div class=\"qodef-accordion-title\">\n\t<h4 class=\"qodef-tab-title\">Dienstwagen<\/h4>\n\t<span class=\"qodef-accordion-description\">\n\t\tKann ich auch meinen Firmen- oder Dienstwagen \u00fcber Sie verkaufen?\t<\/span>\n\t<span class=\"qodef-accordion-mark\">\n\t\t<span class=\"qodef-icon--plus\"><\/span>\n\t\t<span class=\"qodef-icon--minus\"><\/span>\n\t<\/span>\n<\/div>\n<div class=\"qodef-accordion-content\">\n\t<div class=\"qodef-accordion-content-inner\">\n\t\t<p>Wenn Sie Ihren Dienstwagen \u00fcber uns verkaufen, \u00fcbernehmen wir die gesetzlich vorgeschriebene Gew\u00e4hrleistung f\u00fcr Sie. Dies entlastet Sie pers\u00f6nlich von jeglichen Garantieanspr\u00fcchen, die beim Verkauf als GmbH, Handwerker oder Privatperson an Sie gestellt werden k\u00f6nnten. Der Verkauf \u00fcber uns bedeutet Sicherheit und Komfort f\u00fcr Sie, da wir die gesamten rechtlichen Verpflichtungen \u00fcbernehmen.<\/p>\t<\/div>\n<\/div>\n<div class=\"qodef-accordion-title\">\n\t<h4 class=\"qodef-tab-title\">Privatverkauf<\/h4>\n\t<span class=\"qodef-accordion-description\">\n\t\tBekomme ich nicht mehr Geld, wenn ich mein Auto selbst verkaufe?\t<\/span>\n\t<span class=\"qodef-accordion-mark\">\n\t\t<span class=\"qodef-icon--plus\"><\/span>\n\t\t<span class=\"qodef-icon--minus\"><\/span>\n\t<\/span>\n<\/div>\n<div class=\"qodef-accordion-content\">\n\t<div class=\"qodef-accordion-content-inner\">\n\t\t<p>Das k\u00f6nnte sein, allerdings ist der private Verkauf oft risikoreich und arbeitsintensiv. Sie m\u00fcssen Ihr Fahrzeug vorbereiten, Inserate erstellen, Anfragen beantworten und letztendlich auch noch die \u00dcbergabe abwickeln. Mit unserem Service entfallen all diese Schritte \u2013 wir k\u00fcmmern uns um alles, sodass Sie Zeit und Arbeit sparen und dennoch einen fairen Preis erhalten.<\/p>\t<\/div>\n<\/div>\n<\/div>\n\t\t\t\t<\/div>\n\t\t\t\t<\/div>\n\t\t\t\t\t<\/div>\n\t\t\t\t<\/div>\n\t\t\t\t<\/div>\n\t\t","protected":false},"excerpt":{"rendered":"<p>Verkauf AUTO Verkaufen wie es funktioniert 1. Kontakt aufnehmen F\u00fcllen Sie einfach unser Online-Kontaktformular aus und teilen Sie uns die Details Ihres Fahrzeugs mit. 2. Fahrzeugbewertung Unser Team kontaktiert Sie umgehend, um einen Termin zu vereinbaren. Wir legen Wert auf eine schnelle Kommunikation. 3. Zahlung Wir begutachten Ihr Fahrzeug pers\u00f6nlich und machen Ihnen ein faires [&hellip;]<\/p>\n","protected":false},"author":1,"featured_media":0,"parent":0,"menu_order":0,"comment_status":"closed","ping_status":"closed","template":"page-full-width.php","meta":{"footnotes":""},"class_list":["post-10998","page","type-page","status-publish","hentry"],"_links":{"self":[{"href":"https:\/\/staging.geigercars.de\/en\/wp-json\/wp\/v2\/pages\/10998","targetHints":{"allow":["GET"]}}],"collection":[{"href":"https:\/\/staging.geigercars.de\/en\/wp-json\/wp\/v2\/pages"}],"about":[{"href":"https:\/\/staging.geigercars.de\/en\/wp-json\/wp\/v2\/types\/page"}],"author":[{"embeddable":true,"href":"https:\/\/staging.geigercars.de\/en\/wp-json\/wp\/v2\/users\/1"}],"replies":[{"embeddable":true,"href":"https:\/\/staging.geigercars.de\/en\/wp-json\/wp\/v2\/comments?post=10998"}],"version-history":[{"count":0,"href":"https:\/\/staging.geigercars.de\/en\/wp-json\/wp\/v2\/pages\/10998\/revisions"}],"wp:attachment":[{"href":"https:\/\/staging.geigercars.de\/en\/wp-json\/wp\/v2\/media?parent=10998"}],"curies":[{"name":"wp","href":"https:\/\/api.w.org\/{rel}","templated":true}]}}